{"id":297,"date":"2016-04-27T23:30:54","date_gmt":"2016-04-27T21:30:54","guid":{"rendered":"http:\/\/rg-racing.ch\/?page_id=297"},"modified":"2026-03-12T10:20:30","modified_gmt":"2026-03-12T09:20:30","slug":"agb","status":"publish","type":"page","link":"https:\/\/rg-racing-wp.sitesdemo.xyz\/en\/agb\/","title":{"rendered":"AGB"},"content":{"rendered":"<div id=\"fb-root\"><\/div>\n<p>Allgemeine Gesch\u00e4ftsbedingungen (AGB)<\/p>\n<p>1. Die Firma Tedicad GmbH sichert die sorgf\u00e4ltige Ausf\u00fchrung der Arbeiten sowie das einwandfreie Funktionieren des modifizierten Steuerger\u00e4ts und der von ihr eingebauten Teile zu. Sie gew\u00e4hrt eine Garantie von zwei Jahren auf die von ihr eingesetzten Eproms, die L\u00f6tarbeiten und auf die Software.<\/p>\n<p>Der Kunde tr\u00e4gt die Verantwortung f\u00fcr die von ihm gew\u00fcnschten Arbeiten selbst. Weitergehende Anspr\u00fcche, insbesondere f\u00fcr Folgesch\u00e4den am Steuerger\u00e4t, am Motor, an Antriebsaggregaten, am Antriebs\u00adstrang usw. sowie f\u00fcr die entsprechenden Ausbau- und Einbaukosten sind deshalb ausgeschlossen.<\/p>\n<p>Die Gew\u00e4hrleistung gem\u00e4ss Absatz 1 erfolgt durch kostenlosen Ersatz oder kostenlose Nachbesserung durch die Firma Tedicad GmbH.<\/p>\n<p>Die Garantie erlischt bei Fremdeingriffen am Motormanagement oder sonstigen Manipulationen am Steuer\u00adger\u00e4t oder anderen Fahrzeugteilen.<\/p>\n<p>2. Der Kunde weiss, dass die von der Firma Tedicad GmbH vorgenommenen Arbeiten zum Verlust der Werksgarantie und von Gew\u00e4hrleistungsanspr\u00fcchen f\u00fchren k\u00f6nnen. Die Verantwortung daf\u00fcr tr\u00e4gt er selbst.<\/p>\n<p>3. Soweit dem Kunden nicht ausdr\u00fccklich etwas anderes mitgeteilt wird, sind die von der Firma Tedicad GmbH vor\u00adgenommenen Arbeiten (bis zu 20 % Mehrleistung) in der Schweiz zulassungsf\u00e4hig. Sie m\u00fcssen vom Kunden in eigener Verantwortung der zust\u00e4ndigen Zulassungsstelle gemeldet und auf eigene Kosten vorgef\u00fchrt werden.<\/p>\n<p>Leistungssteigerungen \u00fcber 20 % der offiziellen Nennleistung werden ausdr\u00fccklich nur in Eigenverantwortung des Kunden ausgef\u00fchrt und sind ausschliesslich f\u00fcr Export- oder Rennzwecke bestimmt.<\/p>\n<p>Gem\u00e4ss Art. 34 Abs. 2 VTS sind ge\u00e4nderte Fahrzeuge vor der Weiterverwendung nachzupr\u00fcfen.<\/p>\n<p>4. Alle vertraglichen und\/oder ausservertraglichen Anspr\u00fcche des Kunden gegen\u00fcber der Firma Tedicad, welche \u00fcber die in Ziffer 2 umschriebene Garantie hinausgehen, sind \u2013 soweit gesetzlich zul\u00e4ssig \u2013 vollumf\u00e4ng\u00adlich ausgeschlossen. Der Kunde verpflichtet sich, bei einer Weiterver\u00e4usserung des Fahrzeugs auf die von der Firma Tedicad GmbH vorgenommenen Arbeiten hinzuweisen.<\/p>\n<p>5. Alle technischen Daten sowie allgemeine Informationen der Firma Tedicad GmbH im Internet, Prospekten usw. sind keine zugesicherten oder garantierten Eigenschaften sondern Richtwerte, die je nach Laufleistung, Sprit, Umgebung sich \u00e4ndern k\u00f6nnen. Technische \u00c4nderungen bleiben vorbehalten.<\/p>\n","protected":false},"excerpt":{"rendered":"<p>Allgemeine Gesch\u00e4ftsbedingungen (AGB) 1. Die Firma Tedicad GmbH sichert die sorgf\u00e4ltige Ausf\u00fchrung der Arbeiten sowie das einwandfreie Funktionieren des modifizierten Steuerger\u00e4ts und der von ihr eingebauten Teile zu. Sie gew\u00e4hrt eine Garantie von zwei Jahren auf die von ihr eingesetzten Eproms, die L\u00f6tarbeiten und auf die Software. Der Kunde tr\u00e4gt die Verantwortung f\u00fcr die von<a href=\"https:\/\/rg-racing-wp.sitesdemo.xyz\/en\/agb\/\">[&#8230;]<\/a><\/p>\n","protected":false},"author":13,"featured_media":0,"parent":0,"menu_order":0,"comment_status":"closed","ping_status":"closed","template":"rg-template-fullwidth.php","meta":{"footnotes":""},"class_list":["post-297","page","type-page","status-publish","hentry"],"translation":{"provider":"WPGlobus","version":"3.0.2","language":"en","enabled_languages":["de","it","en"],"languages":{"de":{"title":true,"content":true,"excerpt":false},"it":{"title":false,"content":false,"excerpt":false},"en":{"title":false,"content":false,"excerpt":false}}},"_links":{"self":[{"href":"https:\/\/rg-racing-wp.sitesdemo.xyz\/en\/wp-json\/wp\/v2\/pages\/297","targetHints":{"allow":["GET"]}}],"collection":[{"href":"https:\/\/rg-racing-wp.sitesdemo.xyz\/en\/wp-json\/wp\/v2\/pages"}],"about":[{"href":"https:\/\/rg-racing-wp.sitesdemo.xyz\/en\/wp-json\/wp\/v2\/types\/page"}],"author":[{"embeddable":true,"href":"https:\/\/rg-racing-wp.sitesdemo.xyz\/en\/wp-json\/wp\/v2\/users\/13"}],"replies":[{"embeddable":true,"href":"https:\/\/rg-racing-wp.sitesdemo.xyz\/en\/wp-json\/wp\/v2\/comments?post=297"}],"version-history":[{"count":3,"href":"https:\/\/rg-racing-wp.sitesdemo.xyz\/en\/wp-json\/wp\/v2\/pages\/297\/revisions"}],"predecessor-version":[{"id":10169,"href":"https:\/\/rg-racing-wp.sitesdemo.xyz\/en\/wp-json\/wp\/v2\/pages\/297\/revisions\/10169"}],"wp:attachment":[{"href":"https:\/\/rg-racing-wp.sitesdemo.xyz\/en\/wp-json\/wp\/v2\/media?parent=297"}],"curies":[{"name":"wp","href":"https:\/\/api.w.org\/{rel}","templated":true}]}}