{"id":10354,"date":"2025-02-19T16:56:13","date_gmt":"2025-02-19T15:56:13","guid":{"rendered":"https:\/\/rg-racing-wp.sitesdemo.xyz\/?page_id=10354"},"modified":"2026-03-13T06:53:47","modified_gmt":"2026-03-13T05:53:47","slug":"ad-blue","status":"publish","type":"page","link":"https:\/\/rg-racing-wp.sitesdemo.xyz\/it\/ad-blue\/","title":{"rendered":"Ad Blue"},"content":{"rendered":"<div id=\"fb-root\"><\/div>\n<h1 style=\"text-align: center;\">AdBlue e la possibilit\u00e0 di disattivazione<\/h1>\n<h2 style=\"text-align: center;\">Cos&#8217;\u00e8 AdBlue?<\/h2>\n<p style=\"text-align: center;\">AdBlue \u00e8 un additivo utilizzato nei veicoli diesel con tecnologia SCR per ridurre le emissioni di ossidi di azoto.<\/p>\n<h2 style=\"text-align: center;\">Problemi e costi di riparazione elevati<\/h2>\n<ul style=\"display: inline-block; text-align: center;\">\n<li>Guasti al sistema di iniezione, alla pompa o ai sensori<\/li>\n<li>Messaggi di errore nel computer di bordo<\/li>\n<li>Modalit\u00e0 di emergenza o impossibilit\u00e0 di avviare il veicolo<\/li>\n<li>Costi di riparazione spesso di migliaia di euro<\/li>\n<\/ul>\n<h2 style=\"text-align: center;\">Disattivazione di AdBlue tramite ottimizzazione del software<\/h2>\n<p style=\"text-align: center;\">Grazie a un&#8217; ottimizzazione software personalizzata, \u00e8 possibile disattivare il sistema AdBlue.<\/p>\n<h2 style=\"text-align: center;\">Vantaggi:<\/h2>\n<ul style=\"display: inline-block; text-align: center;\">\n<li>Nessuna costosa riparazione<\/li>\n<li>Nessun rabbocco di AdBlue<\/li>\n<li>Nessun codice di errore o modalit\u00e0 di emergenza<\/li>\n<\/ul>\n<h2 style=\"text-align: center;\">Aspetti legali<\/h2>\n<p style=\"text-align: center;\">Attenzione: la disattivazione pu\u00f2 essere illegale in molti paesi e causare problemi durante le ispezioni tecniche!<\/p>\n","protected":false},"excerpt":{"rendered":"<p>AdBlue e la possibilit\u00e0 di disattivazione Cos&#8217;\u00e8 AdBlue? AdBlue \u00e8 un additivo utilizzato nei veicoli diesel con tecnologia SCR per ridurre le emissioni di ossidi di azoto. Problemi e costi di riparazione elevati Guasti al sistema di iniezione, alla pompa o ai sensori Messaggi di errore nel computer di bordo Modalit\u00e0 di emergenza o impossibilit\u00e0<a href=\"https:\/\/rg-racing-wp.sitesdemo.xyz\/it\/ad-blue\/\">[&#8230;]<\/a><\/p>\n","protected":false},"author":13,"featured_media":0,"parent":0,"menu_order":0,"comment_status":"closed","ping_status":"closed","template":"rg-template-fullwidth.php","meta":{"footnotes":""},"class_list":["post-10354","page","type-page","status-publish","hentry"],"translation":{"provider":"WPGlobus","version":"3.0.2","language":"it","enabled_languages":["de","it","en"],"languages":{"de":{"title":true,"content":true,"excerpt":false},"it":{"title":true,"content":true,"excerpt":false},"en":{"title":true,"content":true,"excerpt":false}}},"_links":{"self":[{"href":"https:\/\/rg-racing-wp.sitesdemo.xyz\/it\/wp-json\/wp\/v2\/pages\/10354","targetHints":{"allow":["GET"]}}],"collection":[{"href":"https:\/\/rg-racing-wp.sitesdemo.xyz\/it\/wp-json\/wp\/v2\/pages"}],"about":[{"href":"https:\/\/rg-racing-wp.sitesdemo.xyz\/it\/wp-json\/wp\/v2\/types\/page"}],"author":[{"embeddable":true,"href":"https:\/\/rg-racing-wp.sitesdemo.xyz\/it\/wp-json\/wp\/v2\/users\/13"}],"replies":[{"embeddable":true,"href":"https:\/\/rg-racing-wp.sitesdemo.xyz\/it\/wp-json\/wp\/v2\/comments?post=10354"}],"version-history":[{"count":10,"href":"https:\/\/rg-racing-wp.sitesdemo.xyz\/it\/wp-json\/wp\/v2\/pages\/10354\/revisions"}],"predecessor-version":[{"id":10866,"href":"https:\/\/rg-racing-wp.sitesdemo.xyz\/it\/wp-json\/wp\/v2\/pages\/10354\/revisions\/10866"}],"wp:attachment":[{"href":"https:\/\/rg-racing-wp.sitesdemo.xyz\/it\/wp-json\/wp\/v2\/media?parent=10354"}],"curies":[{"name":"wp","href":"https:\/\/api.w.org\/{rel}","templated":true}]}}